{"id":1009,"date":"2024-11-12T07:48:09","date_gmt":"2024-11-12T07:48:09","guid":{"rendered":"https:\/\/www.vocar.ba\/?post_type=product&#038;p=1009"},"modified":"2025-06-05T19:00:45","modified_gmt":"2025-06-05T19:00:45","slug":"1009","status":"publish","type":"product","link":"https:\/\/www.vocar.ba\/?product=1009","title":{"rendered":"Palenta TIMA 800 g., pakiranje 15 kom\/karton"},"content":{"rendered":"<p>&nbsp;<\/p>\n<div class=\"product_text\">\n<h6>Naziv Proizvoda<\/h6>\n<p>&nbsp;<\/p>\n<p>Palenta TIMA<\/p>\n<hr \/>\n<h6>Opis<\/h6>\n<p>&nbsp;<\/p>\n<p>Palenta TIMA 800 g<\/p>\n<hr \/>\n<h6>Skladi\u0161tenje<\/h6>\n<p>&nbsp;<\/p>\n<p>\u010cuvati na suhom i hladnom mjestu!<\/p>\n<hr \/>\n<h6>Temperatura hranjenja<\/h6>\n<p>&nbsp;<\/p>\n<p>Sobna temperatura<\/p>\n<hr \/>\n<h6>Sastojci<\/h6>\n<p>&nbsp;<\/p>\n<p>Kukuruzna krupica<\/p>\n<hr \/>\n<h6>Alergeni<\/h6>\n<p>&nbsp;<\/p>\n<p>\/<\/p>\n<hr \/>\n<h6>GMO Izjava<\/h6>\n<p>&nbsp;<\/p>\n<p>Proizvod je dobiven od sastojaka koji nisu genetski modifikovani<\/p>\n<hr \/>\n<\/div>\n<table class=\"product_nutrition\">\n<tbody>\n<tr>\n<th>Prosje\u010dna nutritivna vrijednost<\/th>\n<th>100g<\/th>\n<\/tr>\n<tr>\n<td>Energetska vrijednost<\/td>\n<td>\/<\/td>\n<\/tr>\n<tr>\n<td>kcal<\/td>\n<td>333,00<\/td>\n<\/tr>\n<tr>\n<td>KJ<\/td>\n<td>1397<\/td>\n<\/tr>\n<tr>\n<td>Masti<\/td>\n<td>51g<\/td>\n<\/tr>\n<tr>\n<td>Od kojih zasi\u0107ene masti<\/td>\n<td>1g<\/td>\n<\/tr>\n<tr>\n<td>Ugljikohidrati<\/td>\n<td>72,00g<\/td>\n<\/tr>\n<tr>\n<td>Od kojih \u0161e\u0107eri<\/td>\n<td>1,30g<\/td>\n<\/tr>\n<tr>\n<td>Dijetalna vlakna<\/td>\n<td>\/<\/td>\n<\/tr>\n<tr>\n<td>Proteini<\/td>\n<td>8g<\/td>\n<\/tr>\n<tr>\n<td>Sol<\/td>\n<td>0,001g<\/td>\n<\/tr>\n<\/tbody>\n<\/table>\n<table class=\"product_footer\">\n<tbody>\n<tr>\n<td>Te\u017eina Paketa<\/td>\n<td>12,0kg<\/td>\n<\/tr>\n<tr>\n<td>Neto koli\u010dina<\/td>\n<td>800g<\/td>\n<\/tr>\n<tr>\n<td>Vrsta hrane artikla<\/td>\n<td>Proizvod upakovan u normalnoj atmosferi<\/td>\n<\/tr>\n<tr>\n<td>Kontakt<\/td>\n<td>Vo\u0107ar d.o.o. Br\u010dko 76207 Gornji Rahi\u0107 112 Bosna i Hercegovina tel: +387 61 720 012 esed@vocar.ba<\/td>\n<\/tr>\n<tr>\n<td>Certifikat<\/td>\n<td class=\"product_certifImg\"><img decoding=\"async\" src=\"https:\/\/www.vocar.ba\/wp-content\/uploads\/2024\/11\/halalfooter.webp\" alt=\"404ImgNotFound\" \/><br \/>\n<img decoding=\"async\" src=\"https:\/\/www.vocar.ba\/wp-content\/uploads\/2024\/11\/haccpfooter.webp\" alt=\"404ImgNotFound\" \/><br \/>\n<img decoding=\"async\" src=\"https:\/\/www.vocar.ba\/wp-content\/uploads\/2024\/11\/tuvfooter.webp\" alt=\"404ImgNotFound\" \/><\/td>\n<\/tr>\n<\/tbody>\n<\/table>\n","protected":false},"excerpt":{"rendered":"<p>&nbsp; Naziv Proizvoda &nbsp; Palenta TIMA Opis &nbsp; Palenta TIMA 800 g Skladi\u0161tenje &nbsp; \u010cuvati na suhom i hladnom mjestu! Temperatura hranjenja [&hellip;]<\/p>\n","protected":false},"featured_media":1010,"comment_status":"open","ping_status":"closed","template":"","meta":[],"product_brand":[],"product_cat":[28],"product_tag":[],"class_list":{"0":"post-1009","1":"product","2":"type-product","3":"status-publish","4":"has-post-thumbnail","6":"product_cat-mlinski-proizvodi","8":"first","9":"instock","10":"taxable","11":"shipping-taxable","12":"purchasable","13":"product-type-simple"},"yoast_head":"<!-- This site is optimized with the Yoast SEO plugin v25.2 - https:\/\/yoast.com\/wordpress\/plugins\/seo\/ -->\n<title>Palenta TIMA 800 g., pakiranje 15 kom\/karton - Vocar Brcko<\/title>\n<meta name=\"description\" content=\"Palenta TIMA, Skladi\u0161tenje \u010cuvati na suhom i hladnom mjestu! Temperatura hranjenja Sobna temperatura Sastojci Kukuruzna krupica... Vo\u0107ar Br\u010dko d.o.o...\" \/>\n<meta name=\"robots\" content=\"index, follow, max-snippet:-1, max-image-preview:large, max-video-preview:-1\" \/>\n<link rel=\"canonical\" href=\"https:\/\/www.vocar.ba\/?product=1009\" \/>\n<meta property=\"og:locale\" content=\"bs_BA\" \/>\n<meta property=\"og:type\" content=\"article\" \/>\n<meta property=\"og:title\" content=\"Palenta TIMA 800 g., pakiranje 15 kom\/karton - Vocar Brcko\" \/>\n<meta property=\"og:description\" content=\"Palenta TIMA, Skladi\u0161tenje \u010cuvati na suhom i hladnom mjestu! Temperatura hranjenja Sobna temperatura Sastojci Kukuruzna krupica... Vo\u0107ar Br\u010dko d.o.o...\" \/>\n<meta property=\"og:url\" content=\"https:\/\/www.vocar.ba\/?product=1009\" \/>\n<meta property=\"og:site_name\" content=\"Vocar Brcko\" \/>\n<meta property=\"article:publisher\" content=\"https:\/\/www.facebook.com\/profile.php?id=100094245247924\" \/>\n<meta property=\"article:modified_time\" content=\"2025-06-05T19:00:45+00:00\" \/>\n<meta property=\"og:image\" content=\"https:\/\/www.vocar.ba\/wp-content\/uploads\/2024\/11\/PalentaTima800g.png\" \/>\n\t<meta property=\"og:image:width\" content=\"800\" \/>\n\t<meta property=\"og:image:height\" content=\"800\" \/>\n\t<meta property=\"og:image:type\" content=\"image\/png\" \/>\n<meta name=\"twitter:card\" content=\"summary_large_image\" \/>\n<meta name=\"twitter:label1\" content=\"Est. reading time\" \/>\n\t<meta name=\"twitter:data1\" content=\"2 minute\" \/>\n<script type=\"application\/ld+json\" class=\"yoast-schema-graph\">{\"@context\":\"https:\/\/schema.org\",\"@graph\":[{\"@type\":\"WebPage\",\"@id\":\"https:\/\/www.vocar.ba\/?product=1009\",\"url\":\"https:\/\/www.vocar.ba\/?product=1009\",\"name\":\"Palenta TIMA 800 g., pakiranje 15 kom\/karton - Vocar Brcko\",\"isPartOf\":{\"@id\":\"https:\/\/www.vocar.ba\/#website\"},\"primaryImageOfPage\":{\"@id\":\"https:\/\/www.vocar.ba\/?product=1009#primaryimage\"},\"image\":{\"@id\":\"https:\/\/www.vocar.ba\/?product=1009#primaryimage\"},\"thumbnailUrl\":\"https:\/\/www.vocar.ba\/wp-content\/uploads\/2024\/11\/PalentaTima800g.png\",\"datePublished\":\"2024-11-12T07:48:09+00:00\",\"dateModified\":\"2025-06-05T19:00:45+00:00\",\"description\":\"Palenta TIMA, Skladi\u0161tenje \u010cuvati na suhom i hladnom mjestu! Temperatura hranjenja Sobna temperatura Sastojci Kukuruzna krupica... Vo\u0107ar Br\u010dko d.o.o...\",\"breadcrumb\":{\"@id\":\"https:\/\/www.vocar.ba\/?product=1009#breadcrumb\"},\"inLanguage\":\"bs-BA\",\"potentialAction\":[{\"@type\":\"ReadAction\",\"target\":[\"https:\/\/www.vocar.ba\/?product=1009\"]}]},{\"@type\":\"ImageObject\",\"inLanguage\":\"bs-BA\",\"@id\":\"https:\/\/www.vocar.ba\/?product=1009#primaryimage\",\"url\":\"https:\/\/www.vocar.ba\/wp-content\/uploads\/2024\/11\/PalentaTima800g.png\",\"contentUrl\":\"https:\/\/www.vocar.ba\/wp-content\/uploads\/2024\/11\/PalentaTima800g.png\",\"width\":800,\"height\":800},{\"@type\":\"BreadcrumbList\",\"@id\":\"https:\/\/www.vocar.ba\/?product=1009#breadcrumb\",\"itemListElement\":[{\"@type\":\"ListItem\",\"position\":1,\"name\":\"Home\",\"item\":\"https:\/\/www.vocar.ba\/\"},{\"@type\":\"ListItem\",\"position\":2,\"name\":\"Shop\",\"item\":\"https:\/\/www.vocar.ba\/?page_id=7\"},{\"@type\":\"ListItem\",\"position\":3,\"name\":\"Palenta TIMA 800 g., pakiranje 15 kom\/karton\"}]},{\"@type\":\"WebSite\",\"@id\":\"https:\/\/www.vocar.ba\/#website\",\"url\":\"https:\/\/www.vocar.ba\/\",\"name\":\"Vocar Brcko\",\"description\":\"Vo\u0107ar d.o.o.\",\"publisher\":{\"@id\":\"https:\/\/www.vocar.ba\/#organization\"},\"potentialAction\":[{\"@type\":\"SearchAction\",\"target\":{\"@type\":\"EntryPoint\",\"urlTemplate\":\"https:\/\/www.vocar.ba\/?s={search_term_string}\"},\"query-input\":{\"@type\":\"PropertyValueSpecification\",\"valueRequired\":true,\"valueName\":\"search_term_string\"}}],\"inLanguage\":\"bs-BA\"},{\"@type\":\"Organization\",\"@id\":\"https:\/\/www.vocar.ba\/#organization\",\"name\":\"Vocar Brcko\",\"url\":\"https:\/\/www.vocar.ba\/\",\"logo\":{\"@type\":\"ImageObject\",\"inLanguage\":\"bs-BA\",\"@id\":\"https:\/\/www.vocar.ba\/#\/schema\/logo\/image\/\",\"url\":\"https:\/\/www.vocar.ba\/wp-content\/uploads\/2024\/11\/cropped-logoheading.png\",\"contentUrl\":\"https:\/\/www.vocar.ba\/wp-content\/uploads\/2024\/11\/cropped-logoheading.png\",\"width\":284,\"height\":284,\"caption\":\"Vocar Brcko\"},\"image\":{\"@id\":\"https:\/\/www.vocar.ba\/#\/schema\/logo\/image\/\"},\"sameAs\":[\"https:\/\/www.facebook.com\/profile.php?id=100094245247924\"]}]}<\/script>\n<!-- \/ Yoast SEO plugin. -->","yoast_head_json":{"title":"Palenta TIMA 800 g., pakiranje 15 kom\/karton - Vocar Brcko","description":"Palenta TIMA, Skladi\u0161tenje \u010cuvati na suhom i hladnom mjestu! Temperatura hranjenja Sobna temperatura Sastojci Kukuruzna krupica... Vo\u0107ar Br\u010dko d.o.o...","robots":{"index":"index","follow":"follow","max-snippet":"max-snippet:-1","max-image-preview":"max-image-preview:large","max-video-preview":"max-video-preview:-1"},"canonical":"https:\/\/www.vocar.ba\/?product=1009","og_locale":"bs_BA","og_type":"article","og_title":"Palenta TIMA 800 g., pakiranje 15 kom\/karton - Vocar Brcko","og_description":"Palenta TIMA, Skladi\u0161tenje \u010cuvati na suhom i hladnom mjestu! Temperatura hranjenja Sobna temperatura Sastojci Kukuruzna krupica... Vo\u0107ar Br\u010dko d.o.o...","og_url":"https:\/\/www.vocar.ba\/?product=1009","og_site_name":"Vocar Brcko","article_publisher":"https:\/\/www.facebook.com\/profile.php?id=100094245247924","article_modified_time":"2025-06-05T19:00:45+00:00","og_image":[{"width":800,"height":800,"url":"https:\/\/www.vocar.ba\/wp-content\/uploads\/2024\/11\/PalentaTima800g.png","type":"image\/png"}],"twitter_card":"summary_large_image","twitter_misc":{"Est. reading time":"2 minute"},"schema":{"@context":"https:\/\/schema.org","@graph":[{"@type":"WebPage","@id":"https:\/\/www.vocar.ba\/?product=1009","url":"https:\/\/www.vocar.ba\/?product=1009","name":"Palenta TIMA 800 g., pakiranje 15 kom\/karton - Vocar Brcko","isPartOf":{"@id":"https:\/\/www.vocar.ba\/#website"},"primaryImageOfPage":{"@id":"https:\/\/www.vocar.ba\/?product=1009#primaryimage"},"image":{"@id":"https:\/\/www.vocar.ba\/?product=1009#primaryimage"},"thumbnailUrl":"https:\/\/www.vocar.ba\/wp-content\/uploads\/2024\/11\/PalentaTima800g.png","datePublished":"2024-11-12T07:48:09+00:00","dateModified":"2025-06-05T19:00:45+00:00","description":"Palenta TIMA, Skladi\u0161tenje \u010cuvati na suhom i hladnom mjestu! Temperatura hranjenja Sobna temperatura Sastojci Kukuruzna krupica... Vo\u0107ar Br\u010dko d.o.o...","breadcrumb":{"@id":"https:\/\/www.vocar.ba\/?product=1009#breadcrumb"},"inLanguage":"bs-BA","potentialAction":[{"@type":"ReadAction","target":["https:\/\/www.vocar.ba\/?product=1009"]}]},{"@type":"ImageObject","inLanguage":"bs-BA","@id":"https:\/\/www.vocar.ba\/?product=1009#primaryimage","url":"https:\/\/www.vocar.ba\/wp-content\/uploads\/2024\/11\/PalentaTima800g.png","contentUrl":"https:\/\/www.vocar.ba\/wp-content\/uploads\/2024\/11\/PalentaTima800g.png","width":800,"height":800},{"@type":"BreadcrumbList","@id":"https:\/\/www.vocar.ba\/?product=1009#breadcrumb","itemListElement":[{"@type":"ListItem","position":1,"name":"Home","item":"https:\/\/www.vocar.ba\/"},{"@type":"ListItem","position":2,"name":"Shop","item":"https:\/\/www.vocar.ba\/?page_id=7"},{"@type":"ListItem","position":3,"name":"Palenta TIMA 800 g., pakiranje 15 kom\/karton"}]},{"@type":"WebSite","@id":"https:\/\/www.vocar.ba\/#website","url":"https:\/\/www.vocar.ba\/","name":"Vocar Brcko","description":"Vo\u0107ar d.o.o.","publisher":{"@id":"https:\/\/www.vocar.ba\/#organization"},"potentialAction":[{"@type":"SearchAction","target":{"@type":"EntryPoint","urlTemplate":"https:\/\/www.vocar.ba\/?s={search_term_string}"},"query-input":{"@type":"PropertyValueSpecification","valueRequired":true,"valueName":"search_term_string"}}],"inLanguage":"bs-BA"},{"@type":"Organization","@id":"https:\/\/www.vocar.ba\/#organization","name":"Vocar Brcko","url":"https:\/\/www.vocar.ba\/","logo":{"@type":"ImageObject","inLanguage":"bs-BA","@id":"https:\/\/www.vocar.ba\/#\/schema\/logo\/image\/","url":"https:\/\/www.vocar.ba\/wp-content\/uploads\/2024\/11\/cropped-logoheading.png","contentUrl":"https:\/\/www.vocar.ba\/wp-content\/uploads\/2024\/11\/cropped-logoheading.png","width":284,"height":284,"caption":"Vocar Brcko"},"image":{"@id":"https:\/\/www.vocar.ba\/#\/schema\/logo\/image\/"},"sameAs":["https:\/\/www.facebook.com\/profile.php?id=100094245247924"]}]}},"jetpack_sharing_enabled":true,"_links":{"self":[{"href":"https:\/\/www.vocar.ba\/index.php?rest_route=\/wp\/v2\/product\/1009","targetHints":{"allow":["GET"]}}],"collection":[{"href":"https:\/\/www.vocar.ba\/index.php?rest_route=\/wp\/v2\/product"}],"about":[{"href":"https:\/\/www.vocar.ba\/index.php?rest_route=\/wp\/v2\/types\/product"}],"replies":[{"embeddable":true,"href":"https:\/\/www.vocar.ba\/index.php?rest_route=%2Fwp%2Fv2%2Fcomments&post=1009"}],"wp:featuredmedia":[{"embeddable":true,"href":"https:\/\/www.vocar.ba\/index.php?rest_route=\/wp\/v2\/media\/1010"}],"wp:attachment":[{"href":"https:\/\/www.vocar.ba\/index.php?rest_route=%2Fwp%2Fv2%2Fmedia&parent=1009"}],"wp:term":[{"taxonomy":"product_brand","embeddable":true,"href":"https:\/\/www.vocar.ba\/index.php?rest_route=%2Fwp%2Fv2%2Fproduct_brand&post=1009"},{"taxonomy":"product_cat","embeddable":true,"href":"https:\/\/www.vocar.ba\/index.php?rest_route=%2Fwp%2Fv2%2Fproduct_cat&post=1009"},{"taxonomy":"product_tag","embeddable":true,"href":"https:\/\/www.vocar.ba\/index.php?rest_route=%2Fwp%2Fv2%2Fproduct_tag&post=1009"}],"curies":[{"name":"wp","href":"https:\/\/api.w.org\/{rel}","templated":true}]}}