{"id":3511,"date":"2024-12-02T10:00:47","date_gmt":"2024-12-02T10:00:47","guid":{"rendered":"https:\/\/www.vocar.ba\/?page_id=3511"},"modified":"2025-06-01T20:15:01","modified_gmt":"2025-06-01T20:15:01","slug":"oglasi","status":"publish","type":"page","link":"https:\/\/www.vocar.ba\/?page_id=3511","title":{"rendered":"Oglasi"},"content":{"rendered":"<div id=\"kadrovi\">\n    <svg width=\"100%\" height=\"100%\" id=\"svg\" viewBox=\"0 0 1440 390\" xmlns=\"http:\/\/www.w3.org\/2000\/svg\" class=\"transition duration-300 ease-in-out delay-150\"><style>\n        <\/style><defs><linearGradient id=\"gradient\" x1=\"50%\" y1=\"100%\" x2=\"50%\" y2=\"0%\"><stop offset=\"5%\" stop-color=\"#dc342c\"><\/stop><stop offset=\"95%\" stop-color=\"#bed60b\"><\/stop><\/linearGradient><\/defs><path d=\"M 0,400 L 0,150 C 72.11483253588517,114.87081339712918 144.22966507177034,79.74162679425837 249,107 C 353.77033492822966,134.25837320574163 491.1961722488038,223.90430622009572 586,221 C 680.8038277511962,218.09569377990428 732.9856459330142,122.64114832535883 832,107 C 931.0143540669858,91.35885167464117 1076.861244019139,155.53110047846891 1186,176 C 1295.138755980861,196.46889952153109 1367.5693779904304,173.23444976076553 1440,150 L 1440,400 L 0,400 Z\" stroke=\"none\" stroke-width=\"0\" fill=\"url(#gradient)\" fill-opacity=\"1\" class=\"transition-all duration-300 ease-in-out delay-150 path-0\" transform=\"rotate(-180 720 200)\"><\/path>\n    <\/svg>\n    <div class=\"about_heading\">\n        <div class=\"about_heading_naslov\">\n        <h1>OGLASI ZA POSAO<\/h1>            \n        <\/div>\n    <\/div>\n    <div class=\"about_text\"><p>Ovdje mo\u017eete prona\u0107i otvorene konkurse za posao, Vo\u0107ar Br\u010dko d.o.o:<\/p><\/div>\n     <div class=\"oglas\">\n        <div class=\"about_text\">\n            <p>Preuzmite oglas za posao ><\/p>\n        <\/div>\n        <div class=\"oglas_wr\">\n            <button onclick=\"openOglas2()\">SKLADI\u0160TAR<\/button>\n        <\/div>\n    <\/div>\n    <!--FOOTER START-->\n<div class=\"root_footer\">\n    <div class=\"root_footer_l\">\n        <img decoding=\"async\" class=\"root_footer_logo\" src=\"https:\/\/www.vocar.ba\/wp-content\/uploads\/2024\/11\/cropped-logoheading.png\" alt=\"ImgNotFound\">\n    <\/div>\n    \n        <div class=\"root_footer_m_bih\">\n            <p>Vo\u0107ar d.o.o. Br\u010dko<\/p><br>\n            <p>Gornji Rahi\u0107 112 <\/p>\n            <p>76207 Gornji Rahi\u0107<\/p>\n            <p>Bosna i Hercegovina<\/p><br>\n            <p onclick=\"window.open('tel: +387 49 512 415');\">tel: +387 49 512 415<\/p>\n            <p onclick=\"window.open('tel: +387 49 513 360');\">tel: +387 49 513 360<\/p>\n            <p>fax: +387 49 513 261<\/p><br>\n            <p>sales@vocar.ba<\/p>\n            <p>vocar@vocar.ba<\/p>\n        <\/div><!--BiH FOOTER END-->\n        <div class=\"root_footer_m_slo\">\n            <p>Vo\u010dar Ljubljana d.o.o<\/p><br>\n            <p>\u0160martinska 130<\/p>\n            <p>1000 Ljubljana<\/p>\n            <p>Slovenija<\/p><br>\n            <p onclick=\"window.open('tel: +386 1 544 2240');\">tel: +386 1 544 2240<\/p>\n            <p onclick=\"window.open('tel: +386 1 544 2241');\">tel: +386 1 544 2241<\/p>\n            <p onclick=\"window.open('mob: +386 41 611619');\">mob: +386 41 611619<\/p><br>\n            <p>esed@vocar.ba<\/p>\n            <p>www.vocar.eu<\/p>\n        <\/div>\n    \n    <div class=\"root_footer_r\">\n        <img decoding=\"async\" src=\"https:\/\/www.vocar.ba\/wp-content\/uploads\/2024\/11\/halalfooter.webp\" alt=\"ImgNotFound\">\n        <img decoding=\"async\" src=\"https:\/\/www.vocar.ba\/wp-content\/uploads\/2024\/11\/haccpfooter.webp\" alt=\"ImgNotFound\">\n        <img decoding=\"async\" src=\"https:\/\/www.vocar.ba\/wp-content\/uploads\/2024\/11\/tuvfooter.webp\" alt=\"ImgNotFound\">\n    <\/div>\n    <\/div><!--FooterEnd-->\n<\/div><style class=\"wpcode-css-snippet\">html,body,#kadrovi{\r\n    width: 100%;\r\n    height: 100%;\r\n    background-color: #dc342c;\r\n    font-family: \"Roboto\", sans-serif;\r\n}\r\n.path-0{\r\n    animation:pathAnim-0 4s;\r\n    animation-timing-function: linear;\r\n    animation-iteration-count: infinite;\r\n  }\r\n.transition{\r\n    position: relative;\r\n  }\r\n.about_heading_naslov{\r\n    position: absolute;    \r\n\ttop: 20% !important;\r\n    left: 50%;\r\n    transform: translateX(-50%);  \r\n  }\r\n.about_heading_naslov h1{\r\n    color: #fff;\r\n    font-size: clamp(0.4rem, 5vw, 2rem);  \r\n    text-align: center;\r\n} \r\n.about_text p{\r\n    color: #fff;\r\n    font-size: clamp(0.6rem, 3vw, 3rem); \r\n    padding-left: 22px;\r\n}\r\n.oglas{\r\n    display: flex;\r\n    justify-content: space-evenly;\r\n    align-items: center;\r\n    width: 100%;\r\n    margin-top: 5%;\r\n    margin-bottom: 5%;\r\n}\r\n.oglas_wr button{\r\n    width: max-content;\r\n    background-color: #BED60B;\r\n    text-align: center;\r\n    padding: 12px 12px 12px 12px;\r\n    border-bottom-right-radius: 22px;\r\n    border-top-left-radius: 22px;\r\n    transition: all 0.5s;\r\n}\r\n.oglas h1, .oglas button{\r\n    color: #fff;\r\n    font-size: clamp(0.7rem, 3vw, 3rem);\r\n}\r\n.oglas_wr button:hover{\r\n    border-bottom-left-radius: 22px;\r\n    border-top-right-radius: 22px;\r\n    border-bottom-right-radius: 0;\r\n    border-top-left-radius: 0;\r\n    cursor: pointer;\r\n}\r\n  @keyframes pathAnim-0{\r\n    0%{\r\n      d: path(\"M 0,400 L 0,150 C 127.46666666666664,179.73333333333335 254.93333333333328,209.46666666666667 409,190 C 563.0666666666667,170.53333333333333 743.7333333333333,101.86666666666667 920,87 C 1096.2666666666667,72.13333333333333 1268.1333333333332,111.06666666666666 1440,150 L 1440,400 L 0,400 Z\");\r\n    }\r\n    25%{\r\n      d: path(\"M 0,400 L 0,150 C 173.46666666666664,169.33333333333334 346.9333333333333,188.66666666666669 486,170 C 625.0666666666667,151.33333333333331 729.7333333333333,94.66666666666667 883,85 C 1036.2666666666667,75.33333333333333 1238.1333333333332,112.66666666666666 1440,150 L 1440,400 L 0,400 Z\");\r\n    }\r\n    50%{\r\n      d: path(\"M 0,400 L 0,150 C 164,135.06666666666666 328,120.13333333333334 484,106 C 640,91.86666666666666 788,78.53333333333333 946,86 C 1104,93.46666666666667 1272,121.73333333333333 1440,150 L 1440,400 L 0,400 Z\");\r\n    }\r\n    75%{\r\n      d: path(\"M 0,400 L 0,150 C 122.66666666666669,120.66666666666666 245.33333333333337,91.33333333333333 397,93 C 548.6666666666666,94.66666666666667 729.3333333333333,127.33333333333334 908,142 C 1086.6666666666667,156.66666666666666 1263.3333333333335,153.33333333333331 1440,150 L 1440,400 L 0,400 Z\");\r\n    }\r\n    100%{\r\n      d: path(\"M 0,400 L 0,150 C 127.46666666666664,179.73333333333335 254.93333333333328,209.46666666666667 409,190 C 563.0666666666667,170.53333333333333 743.7333333333333,101.86666666666667 920,87 C 1096.2666666666667,72.13333333333333 1268.1333333333332,111.06666666666666 1440,150 L 1440,400 L 0,400 Z\");\r\n    }\r\n  }\r\n  \/*FOOTER*\/\r\n  .root_footer{\r\n    width: 100%;\r\n    height: auto;\r\n    background-color: #dc342c;\r\n    display: flex;\r\n    justify-content: space-around;\r\n    padding: 4% 0 4% 0;\r\n}\r\n.root_footer_l{\r\n    width: 22%;\r\n    height: auto;\r\n    margin: auto 0 auto 0;\r\n}\r\n.root_footer_logo{\r\n    width: 100%;\r\n    height: auto;\r\n}\r\n.root_footer_m_bih, .root_footer_m_slo{\r\n    color: #fff;\r\n    margin: auto 0 auto 0;\r\n    text-align: center;\r\n}\r\n.root_footer_m_bih p, .root_footer_m_slo p{\r\n    font-size: clamp(1rem, 1.1vw, 2.2rem); \r\n}\r\n.root_footer_r{\r\n    height: auto;\r\n    width: 7%;\r\n    margin: auto 0 auto 0;\r\n}\r\n.root_footer_r img{\r\n    height: auto;\r\n    width: 100%;\r\n}\r\n@media only screen and (max-width: 1000px) {\r\n    .about_heading_naslov{\r\n        top: 12% !important;\r\n    }\r\n    .root_footer_m_slo{\r\n        display: none;\r\n    }\r\n    .root_footer_r{        \r\n        width: 10%;     \r\n    }\r\n  }<\/style>","protected":false},"excerpt":{"rendered":"<p>OGLASI ZA POSAO Ovdje mo\u017eete prona\u0107i otvorene konkurse za posao, Vo\u0107ar Br\u010dko d.o.o: Preuzmite oglas za posao > SKLADI\u0160TAR Vo\u0107ar d.o.o. Br\u010dko [&hellip;]<\/p>\n","protected":false},"author":1,"featured_media":0,"parent":0,"menu_order":0,"comment_status":"closed","ping_status":"closed","template":"template-page-builder.php","meta":{"footnotes":""},"class_list":["post-3511","page","type-page","status-publish","hentry"],"yoast_head":"<!-- This site is optimized with the Yoast SEO plugin v25.2 - https:\/\/yoast.com\/wordpress\/plugins\/seo\/ -->\n<title>Oglasi - Vocar Brcko<\/title>\n<meta name=\"description\" content=\"Vocar Brcko oglasi za posao, ovdje mo\u017eete prona\u0107i sve aktuelne oglase za Vo\u0107ar Br\u010dko d.o.o Donji Rahi\u0107 kao i kontakt tel&amp;E-mail...\" \/>\n<meta name=\"robots\" content=\"index, follow, max-snippet:-1, max-image-preview:large, max-video-preview:-1\" \/>\n<link rel=\"canonical\" href=\"https:\/\/www.vocar.ba\/?page_id=3511\" \/>\n<meta property=\"og:locale\" content=\"bs_BA\" \/>\n<meta property=\"og:type\" content=\"article\" \/>\n<meta property=\"og:title\" content=\"Oglasi - Vocar Brcko\" \/>\n<meta property=\"og:description\" content=\"Vocar Brcko oglasi za posao, ovdje mo\u017eete prona\u0107i sve aktuelne oglase za Vo\u0107ar Br\u010dko d.o.o Donji Rahi\u0107 kao i kontakt tel&amp;E-mail...\" \/>\n<meta property=\"og:url\" content=\"https:\/\/www.vocar.ba\/?page_id=3511\" \/>\n<meta property=\"og:site_name\" content=\"Vocar Brcko\" \/>\n<meta property=\"article:publisher\" content=\"https:\/\/www.facebook.com\/profile.php?id=100094245247924\" \/>\n<meta property=\"article:modified_time\" content=\"2025-06-01T20:15:01+00:00\" \/>\n<meta property=\"og:image\" content=\"https:\/\/www.vocar.ba\/wp-content\/uploads\/2024\/11\/cropped-logoheading.png\" \/>\n<meta name=\"twitter:card\" content=\"summary_large_image\" \/>\n<meta name=\"twitter:label1\" content=\"Est. reading time\" \/>\n\t<meta name=\"twitter:data1\" content=\"2 minute\" \/>\n<script type=\"application\/ld+json\" class=\"yoast-schema-graph\">{\"@context\":\"https:\/\/schema.org\",\"@graph\":[{\"@type\":\"WebPage\",\"@id\":\"https:\/\/www.vocar.ba\/?page_id=3511\",\"url\":\"https:\/\/www.vocar.ba\/?page_id=3511\",\"name\":\"Oglasi - Vocar Brcko\",\"isPartOf\":{\"@id\":\"https:\/\/www.vocar.ba\/#website\"},\"primaryImageOfPage\":{\"@id\":\"https:\/\/www.vocar.ba\/?page_id=3511#primaryimage\"},\"image\":{\"@id\":\"https:\/\/www.vocar.ba\/?page_id=3511#primaryimage\"},\"thumbnailUrl\":\"https:\/\/www.vocar.ba\/wp-content\/uploads\/2024\/11\/cropped-logoheading.png\",\"datePublished\":\"2024-12-02T10:00:47+00:00\",\"dateModified\":\"2025-06-01T20:15:01+00:00\",\"description\":\"Vocar Brcko oglasi za posao, ovdje mo\u017eete prona\u0107i sve aktuelne oglase za Vo\u0107ar Br\u010dko d.o.o Donji Rahi\u0107 kao i kontakt tel&E-mail...\",\"breadcrumb\":{\"@id\":\"https:\/\/www.vocar.ba\/?page_id=3511#breadcrumb\"},\"inLanguage\":\"bs-BA\",\"potentialAction\":[{\"@type\":\"ReadAction\",\"target\":[\"https:\/\/www.vocar.ba\/?page_id=3511\"]}]},{\"@type\":\"ImageObject\",\"inLanguage\":\"bs-BA\",\"@id\":\"https:\/\/www.vocar.ba\/?page_id=3511#primaryimage\",\"url\":\"https:\/\/www.vocar.ba\/wp-content\/uploads\/2024\/11\/cropped-logoheading.png\",\"contentUrl\":\"https:\/\/www.vocar.ba\/wp-content\/uploads\/2024\/11\/cropped-logoheading.png\",\"width\":284,\"height\":284},{\"@type\":\"BreadcrumbList\",\"@id\":\"https:\/\/www.vocar.ba\/?page_id=3511#breadcrumb\",\"itemListElement\":[{\"@type\":\"ListItem\",\"position\":1,\"name\":\"Home\",\"item\":\"https:\/\/www.vocar.ba\/\"},{\"@type\":\"ListItem\",\"position\":2,\"name\":\"Oglasi\"}]},{\"@type\":\"WebSite\",\"@id\":\"https:\/\/www.vocar.ba\/#website\",\"url\":\"https:\/\/www.vocar.ba\/\",\"name\":\"Vocar Brcko\",\"description\":\"Vo\u0107ar d.o.o.\",\"publisher\":{\"@id\":\"https:\/\/www.vocar.ba\/#organization\"},\"potentialAction\":[{\"@type\":\"SearchAction\",\"target\":{\"@type\":\"EntryPoint\",\"urlTemplate\":\"https:\/\/www.vocar.ba\/?s={search_term_string}\"},\"query-input\":{\"@type\":\"PropertyValueSpecification\",\"valueRequired\":true,\"valueName\":\"search_term_string\"}}],\"inLanguage\":\"bs-BA\"},{\"@type\":\"Organization\",\"@id\":\"https:\/\/www.vocar.ba\/#organization\",\"name\":\"Vocar Brcko\",\"url\":\"https:\/\/www.vocar.ba\/\",\"logo\":{\"@type\":\"ImageObject\",\"inLanguage\":\"bs-BA\",\"@id\":\"https:\/\/www.vocar.ba\/#\/schema\/logo\/image\/\",\"url\":\"https:\/\/www.vocar.ba\/wp-content\/uploads\/2024\/11\/cropped-logoheading.png\",\"contentUrl\":\"https:\/\/www.vocar.ba\/wp-content\/uploads\/2024\/11\/cropped-logoheading.png\",\"width\":284,\"height\":284,\"caption\":\"Vocar Brcko\"},\"image\":{\"@id\":\"https:\/\/www.vocar.ba\/#\/schema\/logo\/image\/\"},\"sameAs\":[\"https:\/\/www.facebook.com\/profile.php?id=100094245247924\"]}]}<\/script>\n<!-- \/ Yoast SEO plugin. -->","yoast_head_json":{"title":"Oglasi - Vocar Brcko","description":"Vocar Brcko oglasi za posao, ovdje mo\u017eete prona\u0107i sve aktuelne oglase za Vo\u0107ar Br\u010dko d.o.o Donji Rahi\u0107 kao i kontakt tel&E-mail...","robots":{"index":"index","follow":"follow","max-snippet":"max-snippet:-1","max-image-preview":"max-image-preview:large","max-video-preview":"max-video-preview:-1"},"canonical":"https:\/\/www.vocar.ba\/?page_id=3511","og_locale":"bs_BA","og_type":"article","og_title":"Oglasi - Vocar Brcko","og_description":"Vocar Brcko oglasi za posao, ovdje mo\u017eete prona\u0107i sve aktuelne oglase za Vo\u0107ar Br\u010dko d.o.o Donji Rahi\u0107 kao i kontakt tel&E-mail...","og_url":"https:\/\/www.vocar.ba\/?page_id=3511","og_site_name":"Vocar Brcko","article_publisher":"https:\/\/www.facebook.com\/profile.php?id=100094245247924","article_modified_time":"2025-06-01T20:15:01+00:00","og_image":[{"url":"https:\/\/www.vocar.ba\/wp-content\/uploads\/2024\/11\/cropped-logoheading.png","type":"","width":"","height":""}],"twitter_card":"summary_large_image","twitter_misc":{"Est. reading time":"2 minute"},"schema":{"@context":"https:\/\/schema.org","@graph":[{"@type":"WebPage","@id":"https:\/\/www.vocar.ba\/?page_id=3511","url":"https:\/\/www.vocar.ba\/?page_id=3511","name":"Oglasi - Vocar Brcko","isPartOf":{"@id":"https:\/\/www.vocar.ba\/#website"},"primaryImageOfPage":{"@id":"https:\/\/www.vocar.ba\/?page_id=3511#primaryimage"},"image":{"@id":"https:\/\/www.vocar.ba\/?page_id=3511#primaryimage"},"thumbnailUrl":"https:\/\/www.vocar.ba\/wp-content\/uploads\/2024\/11\/cropped-logoheading.png","datePublished":"2024-12-02T10:00:47+00:00","dateModified":"2025-06-01T20:15:01+00:00","description":"Vocar Brcko oglasi za posao, ovdje mo\u017eete prona\u0107i sve aktuelne oglase za Vo\u0107ar Br\u010dko d.o.o Donji Rahi\u0107 kao i kontakt tel&E-mail...","breadcrumb":{"@id":"https:\/\/www.vocar.ba\/?page_id=3511#breadcrumb"},"inLanguage":"bs-BA","potentialAction":[{"@type":"ReadAction","target":["https:\/\/www.vocar.ba\/?page_id=3511"]}]},{"@type":"ImageObject","inLanguage":"bs-BA","@id":"https:\/\/www.vocar.ba\/?page_id=3511#primaryimage","url":"https:\/\/www.vocar.ba\/wp-content\/uploads\/2024\/11\/cropped-logoheading.png","contentUrl":"https:\/\/www.vocar.ba\/wp-content\/uploads\/2024\/11\/cropped-logoheading.png","width":284,"height":284},{"@type":"BreadcrumbList","@id":"https:\/\/www.vocar.ba\/?page_id=3511#breadcrumb","itemListElement":[{"@type":"ListItem","position":1,"name":"Home","item":"https:\/\/www.vocar.ba\/"},{"@type":"ListItem","position":2,"name":"Oglasi"}]},{"@type":"WebSite","@id":"https:\/\/www.vocar.ba\/#website","url":"https:\/\/www.vocar.ba\/","name":"Vocar Brcko","description":"Vo\u0107ar d.o.o.","publisher":{"@id":"https:\/\/www.vocar.ba\/#organization"},"potentialAction":[{"@type":"SearchAction","target":{"@type":"EntryPoint","urlTemplate":"https:\/\/www.vocar.ba\/?s={search_term_string}"},"query-input":{"@type":"PropertyValueSpecification","valueRequired":true,"valueName":"search_term_string"}}],"inLanguage":"bs-BA"},{"@type":"Organization","@id":"https:\/\/www.vocar.ba\/#organization","name":"Vocar Brcko","url":"https:\/\/www.vocar.ba\/","logo":{"@type":"ImageObject","inLanguage":"bs-BA","@id":"https:\/\/www.vocar.ba\/#\/schema\/logo\/image\/","url":"https:\/\/www.vocar.ba\/wp-content\/uploads\/2024\/11\/cropped-logoheading.png","contentUrl":"https:\/\/www.vocar.ba\/wp-content\/uploads\/2024\/11\/cropped-logoheading.png","width":284,"height":284,"caption":"Vocar Brcko"},"image":{"@id":"https:\/\/www.vocar.ba\/#\/schema\/logo\/image\/"},"sameAs":["https:\/\/www.facebook.com\/profile.php?id=100094245247924"]}]}},"jetpack_sharing_enabled":true,"_links":{"self":[{"href":"https:\/\/www.vocar.ba\/index.php?rest_route=\/wp\/v2\/pages\/3511","targetHints":{"allow":["GET"]}}],"collection":[{"href":"https:\/\/www.vocar.ba\/index.php?rest_route=\/wp\/v2\/pages"}],"about":[{"href":"https:\/\/www.vocar.ba\/index.php?rest_route=\/wp\/v2\/types\/page"}],"author":[{"embeddable":true,"href":"https:\/\/www.vocar.ba\/index.php?rest_route=\/wp\/v2\/users\/1"}],"replies":[{"embeddable":true,"href":"https:\/\/www.vocar.ba\/index.php?rest_route=%2Fwp%2Fv2%2Fcomments&post=3511"}],"version-history":[{"count":3,"href":"https:\/\/www.vocar.ba\/index.php?rest_route=\/wp\/v2\/pages\/3511\/revisions"}],"predecessor-version":[{"id":32001,"href":"https:\/\/www.vocar.ba\/index.php?rest_route=\/wp\/v2\/pages\/3511\/revisions\/32001"}],"wp:attachment":[{"href":"https:\/\/www.vocar.ba\/index.php?rest_route=%2Fwp%2Fv2%2Fmedia&parent=3511"}],"curies":[{"name":"wp","href":"https:\/\/api.w.org\/{rel}","templated":true}]}}