{"id":1625,"date":"2024-11-13T12:38:47","date_gmt":"2024-11-13T12:38:47","guid":{"rendered":"https:\/\/www.vocar.ba\/?page_id=1625"},"modified":"2025-12-25T08:59:07","modified_gmt":"2025-12-25T08:59:07","slug":"kontakt","status":"publish","type":"page","link":"https:\/\/www.vocar.ba\/?page_id=1625","title":{"rendered":"Kontakt"},"content":{"rendered":"<!DOCTYPE html>\n<html lang=\"en\">\n<head>\n    <meta charset=\"UTF-8\">\n    <meta name=\"viewport\" content=\"width=device-width, initial-scale=1.0\">\n    <title>Vocar<\/title>\n    <link rel=\"stylesheet\" href=\"contact.css\">\n<\/head>\n<body><!--\n    test4 admin linealR\n    -->\n    <div id=\"contact\">\n        <svg width=\"100%\" height=\"100%\" id=\"svg\" viewBox=\"0 0 1440 390\" xmlns=\"http:\/\/www.w3.org\/2000\/svg\" class=\"transition duration-300 ease-in-out delay-150\"><style>\n            <\/style><defs><linearGradient id=\"gradient\" x1=\"50%\" y1=\"100%\" x2=\"50%\" y2=\"0%\"><stop offset=\"5%\" stop-color=\"#dc342c\"><\/stop><stop offset=\"95%\" stop-color=\"#bed60b\"><\/stop><\/linearGradient><\/defs><path d=\"M 0,400 L 0,150 C 72.11483253588517,114.87081339712918 144.22966507177034,79.74162679425837 249,107 C 353.77033492822966,134.25837320574163 491.1961722488038,223.90430622009572 586,221 C 680.8038277511962,218.09569377990428 732.9856459330142,122.64114832535883 832,107 C 931.0143540669858,91.35885167464117 1076.861244019139,155.53110047846891 1186,176 C 1295.138755980861,196.46889952153109 1367.5693779904304,173.23444976076553 1440,150 L 1440,400 L 0,400 Z\" stroke=\"none\" stroke-width=\"0\" fill=\"url(#gradient)\" fill-opacity=\"1\" class=\"transition-all duration-300 ease-in-out delay-150 path-0\" transform=\"rotate(-180 720 200)\"><\/path>\n        <\/svg>\n        <div class=\"contact_heading\"><!--CONTACT HEADING START-->\n            <div class=\"contact_heading_translate\">\n                <a href=\"https:\/\/www.vocar.ba\/?page_id=4233\">\n                    <img decoding=\"async\" src=\"https:\/\/www.vocar.ba\/wp-content\/uploads\/2024\/11\/UKFlag.png\" alt=\"404ImgNotFound\">\n                <\/a>\n            <\/div>             \n            <div class=\"contact_heading_header\">\n                <h1>KONTAKT<\/h1>\n            <\/div>\n            <div class=\"contact_heading_adresa\">\n                <div class=\"contact_heading_adresa_bih\"><!--CONTACT BIH START-->\n                    <img decoding=\"async\" src=\"https:\/\/www.vocar.ba\/wp-content\/uploads\/2024\/11\/cropped-logoheading.png\" alt=\"ImgNotFound\">\n                    <p>Vo\u0107ar d.o.o. Br\u010dko<\/p><br>\n                    <p>Gornji Rahi\u0107 112 <\/p>\n                    <p>76207 Gornji Rahi\u0107<\/p>\n                    <p>Bosna i Hercegovina<\/p><br>\n                    <p>tel: +387 49 512 415<\/p>\n                    <p>tel: +387 49 513 360<\/p>\n                    <p>fax: +387 49 513 261<\/p><br>\n                    <p>sales@vocar.ba<\/p>\n                    <p>vocar@vocar.ba<\/p>\n                <\/div><!--CONTACT BIH END-->\n                <div class=\"contact_heading_adresa_slo\"><!--CONTACT SLO START-->\n                    <img decoding=\"async\" src=\"https:\/\/www.vocar.ba\/wp-content\/uploads\/2024\/11\/cropped-logoheading.png\" alt=\"ImgNotFound\">\n                    <p>Vo\u010dar Ljubljana d.o.o<\/p><br>\n                    <p>\u0160martinska 130<\/p>\n                    <p>1000 Ljubljana<\/p>\n                    <p>Slovenija<\/p><br>\n                    <p>tel: +386 1 544 2240<\/p>\n                    <p>tel: +386 1 544 2241<\/p>\n                    <p>mob: +386 41 611619<\/p><br>\n                    <p>esed@vocar.ba<\/p>\n                    <p>www.vocar.eu<\/p>\n                <\/div><!--CONTACT SLO END-->\n            <\/div><!--CONTACT HEADING END-->\n            <div class=\"contact_heading_findus\">\n                <a href=\"https:\/\/www.google.com\/maps\/dir\/\/Vo%C4%87ar+doo+Ogra%C4%91enovac\/@44.7921429,18.697628,17z\/data=!4m8!4m7!1m0!1m5!1m1!1s0x475c050c498353d7:0xc3ccc834709b9055!2m2!1d18.697628!2d44.7921429?entry=ttu&#038;g_ep=EgoyMDI0MTExMS4wIKXMDSoASAFQAw%3D%3D\">\n                    <h1>Prona\u0111ite nas<\/h1>\n                <\/a>\n            <\/div>\n        <\/div><!--CONTACT HEADING END-->\n        <div class=\"root_map\"><!--LOCATION START-->\n            <iframe src=\"https:\/\/www.google.com\/maps\/embed?pb=!1m18!1m12!1m3!1d2831.443640742997!2d18.695053076697512!3d44.79214667802695!2m3!1f0!2f0!3f0!3m2!1i1024!2i768!4f13.1!3m3!1m2!1s0x475c050c498353d7%3A0xc3ccc834709b9055!2sVo%C4%87ar%20doo!5e0!3m2!1shr!2sba!4v1731487500969!5m2!1shr!2sba\" \n                    width=\"100%\" height=\"100%\" style=\"border:0;\" allowfullscreen=\"\" loading=\"lazy\" referrerpolicy=\"no-referrer-when-downgrade\"><\/iframe>\n        <\/div><!--LOCATION END-->\n        <div class=\"contact_bottom\">   \n            <h1>Po\u0161aljite Poruku<\/h1>     \n        <\/div>\n\n    <\/div><!--CONTACT END\/ ROOT-->\n<\/body>\n<\/html><div class=\"wp-block-jetpack-contact-form\"><a href=\"https:\/\/www.vocar.ba\/?page_id=1625\" target=\"_blank\" rel=\"noopener noreferrer\">Submit a form.<\/a><\/div><style class=\"wpcode-css-snippet\">*{\r\n    margin: 0;\r\n    padding: 0;\r\n    box-sizing: border-box;\r\n    flex-shrink: 0;\r\n    flex-grow: 0;\r\n}\r\nhtml,body, #contact{\r\n    width: 100%;\r\n    height: 100%;\r\n}\r\n#contact{   \r\n    background-color: #dc342c;\r\n    position: relative;\r\n    height: auto;\r\n}\r\n.contact_heading_translate{\r\n    position: absolute;\r\n    top: 2%;\r\n    right: 20px;\r\n}\r\n.contact_heading_translate:hover{\r\n    transform: scale(1.1);\r\n  }\r\n.contact_heading_adresa{\r\n    height: 100%;\r\n    display: flex;\r\n    justify-content: space-around;\r\n    padding-bottom: 4%;\r\n    padding-top: 20%;\r\n}\r\n.contact_heading_header{\r\n    width: 40%;\r\n    height: 7%;\r\n    position: absolute;\r\n    left: 50%;\r\n    top: 0%;\r\n    transform: translateX(-50%);\r\n    display: flex;\r\n    justify-content: center;\r\n    align-items: center;\r\n    border-bottom-left-radius: 32px;\r\n    border-bottom-right-radius: 32px;\r\n}\r\n.contact_heading h1{\r\n    color: #fff;   \r\n    font-size: clamp(2rem, 4vw, 4rem);\r\n}\r\n.contact_heading_adresa_bih p, .contact_heading_adresa_slo p{\r\n    color: #fff;\r\n    font-size: clamp(1rem, 3vw, 3rem);\r\n    text-align: center;\r\n    margin-top: 15%;\r\n}\r\n.contact_heading_adresa_bih img, .contact_heading_adresa_slo img{\r\n    margin:0 auto 0 auto;\r\n}\r\n.contact_heading_findus{\r\n    width: 100%;\r\n    height: auto;\r\n    color: #fff;\r\n    background-color: #BED60B;\r\n    border-top-right-radius: 32px;\r\n    border-top-left-radius: 32px;\r\n    text-align: center;\r\n    font-size: clamp(2rem, 4vw, 4rem);\r\n    transition: all 1s ease;\r\n}\r\n.contact_heading_findus h1:hover{\r\n    border-radius: 0;\r\n    cursor: pointer;\r\n    color: #dc342c;   \r\n}\r\n.contact_bottom{\r\n   text-align: center;\r\n}\r\n.contact_bottom h1{\r\n    background-color: #BED60B;\r\n    color: #fff;    \r\n    font-size: clamp(2rem, 4vw, 4rem);\r\n    margin-top: 2%;\r\n    border-top-left-radius: 22px;\r\n    border-top-right-radius: 22px;\r\n}\r\n.root_map{\r\n    background-color: #dc342c;\r\n    display: flex;\r\n    flex-direction: column;\r\n    justify-content: center;\r\n    align-items: center;\r\n    width: 100%;\r\n    height: 61vh;\r\n    position: relative;\r\n    overflow: hidden;\r\n}\r\n.root_map iframe{\r\n    height: 100%;  \r\n    position: absolute;\r\n    top: 0;\r\n    left: 0;\r\n    width: 100%;\r\n    border: 0;  \r\n}\r\n.path-0 {\r\n    animation: pathAnim-0 4s;\r\n    animation-timing-function: linear;\r\n    animation-iteration-count: infinite;\r\n}\r\n  @keyframes pathAnim-0{\r\n    0%{\r\n      d: path(\"M 0,400 L 0,150 C 43.3879695471728,136.25600729598983 86.7759390943456,122.51201459197969 138,130 C 189.2240609056544,137.4879854080203 248.2842131697904,166.20794892807106 293,167 C 337.7157868302096,167.79205107192894 368.0872082264929,140.6561896957361 409,135 C 449.9127917735071,129.3438103042639 501.36695392423803,145.16729228898464 549,136 C 596.633046075762,126.83270771101536 640.4449760765551,92.67464114832534 698,100 C 755.5550239234449,107.32535885167466 826.8531417695418,156.13414311771393 873,166 C 919.1468582304582,175.86585688228607 940.1424568452774,146.78878638081898 992,131 C 1043.8575431547226,115.21121361918104 1126.5770308493484,112.71071135901028 1177,133 C 1227.4229691506516,153.28928864098972 1245.549419757329,196.36836818313992 1284,203 C 1322.450580242671,209.63163181686008 1381.2252901213355,179.81581590843004 1440,150 L 1440,400 L 0,400 Z\");\r\n    }\r\n    25%{\r\n      d: path(\"M 0,400 L 0,150 C 54.78134499986781,135.02138570937643 109.56268999973562,120.04277141875284 161,141 C 212.43731000026438,161.95722858124716 260.53058500092527,218.85030003436515 304,206 C 347.46941499907473,193.14969996563485 386.3149699965635,110.5560284437865 426,97 C 465.6850300034365,83.4439715562135 506.2095350128209,138.92558619048881 558,139 C 609.7904649871791,139.07441380951119 672.8468899521531,83.74162679425837 730,79 C 787.1531100478469,74.25837320574163 838.4029051785668,120.10790663247772 886,145 C 933.5970948214332,169.89209336752228 977.5414893335801,173.82674667583072 1018,175 C 1058.45851066642,176.17325332416928 1095.431137487113,174.58510666419943 1136,176 C 1176.568862512887,177.41489333580057 1220.7339607179676,181.83282666737156 1272,178 C 1323.2660392820324,174.16717333262844 1381.6330196410163,162.0835866663142 1440,150 L 1440,400 L 0,400 Z\");\r\n    }\r\n    50%{\r\n      d: path(\"M 0,400 L 0,150 C 57.878770255624005,158.30636548679584 115.75754051124801,166.61273097359168 164,186 C 212.242459488752,205.38726902640832 250.848608210632,235.85544159242906 287,209 C 323.151391789368,182.14455840757094 356.8480266462239,97.96550265669197 412,88 C 467.1519733537761,78.03449734330803 543.7592852044728,142.2825477808031 602,182 C 660.2407147955272,221.7174522191969 700.1148325358852,236.90430622009572 737,205 C 773.8851674641148,173.09569377990428 807.7813846519866,94.10022733881414 853,83 C 898.2186153480134,71.89977266118586 954.7596288561685,128.69478442464776 1012,154 C 1069.2403711438315,179.30521557535224 1127.1800999233394,173.1206349625948 1176,181 C 1224.8199000766606,188.8793650374052 1264.5199714504743,210.82267572497292 1307,208 C 1349.4800285495257,205.17732427502708 1394.7400142747629,177.58866213751355 1440,150 L 1440,400 L 0,400 Z\");\r\n    }\r\n    75%{\r\n      d: path(\"M 0,400 L 0,150 C 45.39749927304449,128.49184488091146 90.79499854608898,106.98368976182293 137,115 C 183.20500145391102,123.01631023817707 230.2175050886886,160.55708583361974 277,185 C 323.7824949113114,209.44291416638026 370.3349810991568,220.7879669036982 417,222 C 463.6650189008432,223.2120330963018 510.4425705146846,214.29104655158739 554,195 C 597.5574294853154,175.70895344841261 637.8947368421052,146.04784688995215 696,149 C 754.1052631578948,151.95215311004785 829.9784821168945,187.51756588860397 885,172 C 940.0215178831055,156.48243411139603 974.191334690317,89.88188955563193 1014,84 C 1053.808665309683,78.11811044436807 1099.2561791218375,132.95487588886832 1151,146 C 1202.7438208781625,159.04512411113168 1260.7839488223321,130.29860688889477 1310,124 C 1359.2160511776679,117.70139311110523 1399.608025588834,133.85069655555262 1440,150 L 1440,400 L 0,400 Z\");\r\n    }\r\n    100%{\r\n      d: path(\"M 0,400 L 0,150 C 43.3879695471728,136.25600729598983 86.7759390943456,122.51201459197969 138,130 C 189.2240609056544,137.4879854080203 248.2842131697904,166.20794892807106 293,167 C 337.7157868302096,167.79205107192894 368.0872082264929,140.6561896957361 409,135 C 449.9127917735071,129.3438103042639 501.36695392423803,145.16729228898464 549,136 C 596.633046075762,126.83270771101536 640.4449760765551,92.67464114832534 698,100 C 755.5550239234449,107.32535885167466 826.8531417695418,156.13414311771393 873,166 C 919.1468582304582,175.86585688228607 940.1424568452774,146.78878638081898 992,131 C 1043.8575431547226,115.21121361918104 1126.5770308493484,112.71071135901028 1177,133 C 1227.4229691506516,153.28928864098972 1245.549419757329,196.36836818313992 1284,203 C 1322.450580242671,209.63163181686008 1381.2252901213355,179.81581590843004 1440,150 L 1440,400 L 0,400 Z\");\r\n    }\r\n  }<\/style>","protected":false},"excerpt":{"rendered":"<p>Vocar KONTAKT Vo\u0107ar d.o.o. Br\u010dko Gornji Rahi\u0107 112 76207 Gornji Rahi\u0107 Bosna i Hercegovina tel: +387 49 512 415 tel: +387 49 [&hellip;]<\/p>\n","protected":false},"author":1,"featured_media":0,"parent":0,"menu_order":0,"comment_status":"closed","ping_status":"closed","template":"template-page-builder-no-sidebar.php","meta":{"footnotes":""},"class_list":["post-1625","page","type-page","status-publish","hentry"],"yoast_head":"<!-- This site is optimized with the Yoast SEO plugin v25.2 - https:\/\/yoast.com\/wordpress\/plugins\/seo\/ -->\n<title>Kontakt - Vocar Brcko<\/title>\n<meta name=\"description\" content=\"Vocar Brcko Kontakt, Vo\u0107ar d.o.o. Gornji Rahi\u0107Bosna i Hercegovina tel: +387 49 512 415t el: +387 49 513 360 vocar@vocar.ba...\" \/>\n<meta name=\"robots\" content=\"index, follow, max-snippet:-1, max-image-preview:large, max-video-preview:-1\" \/>\n<link rel=\"canonical\" href=\"https:\/\/www.vocar.ba\/?page_id=1625\" \/>\n<meta property=\"og:locale\" content=\"bs_BA\" \/>\n<meta property=\"og:type\" content=\"article\" \/>\n<meta property=\"og:title\" content=\"Kontakt - Vocar Brcko\" \/>\n<meta property=\"og:description\" content=\"Vocar Brcko Kontakt, Vo\u0107ar d.o.o. Gornji Rahi\u0107Bosna i Hercegovina tel: +387 49 512 415t el: +387 49 513 360 vocar@vocar.ba...\" \/>\n<meta property=\"og:url\" content=\"https:\/\/www.vocar.ba\/?page_id=1625\" \/>\n<meta property=\"og:site_name\" content=\"Vocar Brcko\" \/>\n<meta property=\"article:publisher\" content=\"https:\/\/www.facebook.com\/profile.php?id=100094245247924\" \/>\n<meta property=\"article:modified_time\" content=\"2025-12-25T08:59:07+00:00\" \/>\n<meta property=\"og:image\" content=\"https:\/\/www.vocar.ba\/wp-content\/uploads\/2024\/11\/UKFlag.png\" \/>\n<meta name=\"twitter:card\" content=\"summary_large_image\" \/>\n<meta name=\"twitter:label1\" content=\"Est. reading time\" \/>\n\t<meta name=\"twitter:data1\" content=\"1 minuta\" \/>\n<script type=\"application\/ld+json\" class=\"yoast-schema-graph\">{\"@context\":\"https:\/\/schema.org\",\"@graph\":[{\"@type\":\"WebPage\",\"@id\":\"https:\/\/www.vocar.ba\/?page_id=1625\",\"url\":\"https:\/\/www.vocar.ba\/?page_id=1625\",\"name\":\"Kontakt - Vocar Brcko\",\"isPartOf\":{\"@id\":\"https:\/\/www.vocar.ba\/#website\"},\"primaryImageOfPage\":{\"@id\":\"https:\/\/www.vocar.ba\/?page_id=1625#primaryimage\"},\"image\":{\"@id\":\"https:\/\/www.vocar.ba\/?page_id=1625#primaryimage\"},\"thumbnailUrl\":\"https:\/\/www.vocar.ba\/wp-content\/uploads\/2024\/11\/UKFlag.png\",\"datePublished\":\"2024-11-13T12:38:47+00:00\",\"dateModified\":\"2025-12-25T08:59:07+00:00\",\"description\":\"Vocar Brcko Kontakt, Vo\u0107ar d.o.o. Gornji Rahi\u0107Bosna i Hercegovina tel: +387 49 512 415t el: +387 49 513 360 vocar@vocar.ba...\",\"breadcrumb\":{\"@id\":\"https:\/\/www.vocar.ba\/?page_id=1625#breadcrumb\"},\"inLanguage\":\"bs-BA\",\"potentialAction\":[{\"@type\":\"ReadAction\",\"target\":[\"https:\/\/www.vocar.ba\/?page_id=1625\"]}]},{\"@type\":\"ImageObject\",\"inLanguage\":\"bs-BA\",\"@id\":\"https:\/\/www.vocar.ba\/?page_id=1625#primaryimage\",\"url\":\"https:\/\/www.vocar.ba\/wp-content\/uploads\/2024\/11\/UKFlag.png\",\"contentUrl\":\"https:\/\/www.vocar.ba\/wp-content\/uploads\/2024\/11\/UKFlag.png\",\"width\":64,\"height\":64},{\"@type\":\"BreadcrumbList\",\"@id\":\"https:\/\/www.vocar.ba\/?page_id=1625#breadcrumb\",\"itemListElement\":[{\"@type\":\"ListItem\",\"position\":1,\"name\":\"Home\",\"item\":\"https:\/\/www.vocar.ba\/\"},{\"@type\":\"ListItem\",\"position\":2,\"name\":\"Kontakt\"}]},{\"@type\":\"WebSite\",\"@id\":\"https:\/\/www.vocar.ba\/#website\",\"url\":\"https:\/\/www.vocar.ba\/\",\"name\":\"Vocar Brcko\",\"description\":\"Vo\u0107ar d.o.o.\",\"publisher\":{\"@id\":\"https:\/\/www.vocar.ba\/#organization\"},\"potentialAction\":[{\"@type\":\"SearchAction\",\"target\":{\"@type\":\"EntryPoint\",\"urlTemplate\":\"https:\/\/www.vocar.ba\/?s={search_term_string}\"},\"query-input\":{\"@type\":\"PropertyValueSpecification\",\"valueRequired\":true,\"valueName\":\"search_term_string\"}}],\"inLanguage\":\"bs-BA\"},{\"@type\":\"Organization\",\"@id\":\"https:\/\/www.vocar.ba\/#organization\",\"name\":\"Vocar Brcko\",\"url\":\"https:\/\/www.vocar.ba\/\",\"logo\":{\"@type\":\"ImageObject\",\"inLanguage\":\"bs-BA\",\"@id\":\"https:\/\/www.vocar.ba\/#\/schema\/logo\/image\/\",\"url\":\"https:\/\/www.vocar.ba\/wp-content\/uploads\/2024\/11\/cropped-logoheading.png\",\"contentUrl\":\"https:\/\/www.vocar.ba\/wp-content\/uploads\/2024\/11\/cropped-logoheading.png\",\"width\":284,\"height\":284,\"caption\":\"Vocar Brcko\"},\"image\":{\"@id\":\"https:\/\/www.vocar.ba\/#\/schema\/logo\/image\/\"},\"sameAs\":[\"https:\/\/www.facebook.com\/profile.php?id=100094245247924\"]}]}<\/script>\n<!-- \/ Yoast SEO plugin. -->","yoast_head_json":{"title":"Kontakt - Vocar Brcko","description":"Vocar Brcko Kontakt, Vo\u0107ar d.o.o. Gornji Rahi\u0107Bosna i Hercegovina tel: +387 49 512 415t el: +387 49 513 360 vocar@vocar.ba...","robots":{"index":"index","follow":"follow","max-snippet":"max-snippet:-1","max-image-preview":"max-image-preview:large","max-video-preview":"max-video-preview:-1"},"canonical":"https:\/\/www.vocar.ba\/?page_id=1625","og_locale":"bs_BA","og_type":"article","og_title":"Kontakt - Vocar Brcko","og_description":"Vocar Brcko Kontakt, Vo\u0107ar d.o.o. Gornji Rahi\u0107Bosna i Hercegovina tel: +387 49 512 415t el: +387 49 513 360 vocar@vocar.ba...","og_url":"https:\/\/www.vocar.ba\/?page_id=1625","og_site_name":"Vocar Brcko","article_publisher":"https:\/\/www.facebook.com\/profile.php?id=100094245247924","article_modified_time":"2025-12-25T08:59:07+00:00","og_image":[{"url":"https:\/\/www.vocar.ba\/wp-content\/uploads\/2024\/11\/UKFlag.png","type":"","width":"","height":""}],"twitter_card":"summary_large_image","twitter_misc":{"Est. reading time":"1 minuta"},"schema":{"@context":"https:\/\/schema.org","@graph":[{"@type":"WebPage","@id":"https:\/\/www.vocar.ba\/?page_id=1625","url":"https:\/\/www.vocar.ba\/?page_id=1625","name":"Kontakt - Vocar Brcko","isPartOf":{"@id":"https:\/\/www.vocar.ba\/#website"},"primaryImageOfPage":{"@id":"https:\/\/www.vocar.ba\/?page_id=1625#primaryimage"},"image":{"@id":"https:\/\/www.vocar.ba\/?page_id=1625#primaryimage"},"thumbnailUrl":"https:\/\/www.vocar.ba\/wp-content\/uploads\/2024\/11\/UKFlag.png","datePublished":"2024-11-13T12:38:47+00:00","dateModified":"2025-12-25T08:59:07+00:00","description":"Vocar Brcko Kontakt, Vo\u0107ar d.o.o. Gornji Rahi\u0107Bosna i Hercegovina tel: +387 49 512 415t el: +387 49 513 360 vocar@vocar.ba...","breadcrumb":{"@id":"https:\/\/www.vocar.ba\/?page_id=1625#breadcrumb"},"inLanguage":"bs-BA","potentialAction":[{"@type":"ReadAction","target":["https:\/\/www.vocar.ba\/?page_id=1625"]}]},{"@type":"ImageObject","inLanguage":"bs-BA","@id":"https:\/\/www.vocar.ba\/?page_id=1625#primaryimage","url":"https:\/\/www.vocar.ba\/wp-content\/uploads\/2024\/11\/UKFlag.png","contentUrl":"https:\/\/www.vocar.ba\/wp-content\/uploads\/2024\/11\/UKFlag.png","width":64,"height":64},{"@type":"BreadcrumbList","@id":"https:\/\/www.vocar.ba\/?page_id=1625#breadcrumb","itemListElement":[{"@type":"ListItem","position":1,"name":"Home","item":"https:\/\/www.vocar.ba\/"},{"@type":"ListItem","position":2,"name":"Kontakt"}]},{"@type":"WebSite","@id":"https:\/\/www.vocar.ba\/#website","url":"https:\/\/www.vocar.ba\/","name":"Vocar Brcko","description":"Vo\u0107ar d.o.o.","publisher":{"@id":"https:\/\/www.vocar.ba\/#organization"},"potentialAction":[{"@type":"SearchAction","target":{"@type":"EntryPoint","urlTemplate":"https:\/\/www.vocar.ba\/?s={search_term_string}"},"query-input":{"@type":"PropertyValueSpecification","valueRequired":true,"valueName":"search_term_string"}}],"inLanguage":"bs-BA"},{"@type":"Organization","@id":"https:\/\/www.vocar.ba\/#organization","name":"Vocar Brcko","url":"https:\/\/www.vocar.ba\/","logo":{"@type":"ImageObject","inLanguage":"bs-BA","@id":"https:\/\/www.vocar.ba\/#\/schema\/logo\/image\/","url":"https:\/\/www.vocar.ba\/wp-content\/uploads\/2024\/11\/cropped-logoheading.png","contentUrl":"https:\/\/www.vocar.ba\/wp-content\/uploads\/2024\/11\/cropped-logoheading.png","width":284,"height":284,"caption":"Vocar Brcko"},"image":{"@id":"https:\/\/www.vocar.ba\/#\/schema\/logo\/image\/"},"sameAs":["https:\/\/www.facebook.com\/profile.php?id=100094245247924"]}]}},"jetpack_sharing_enabled":true,"_links":{"self":[{"href":"https:\/\/www.vocar.ba\/index.php?rest_route=\/wp\/v2\/pages\/1625","targetHints":{"allow":["GET"]}}],"collection":[{"href":"https:\/\/www.vocar.ba\/index.php?rest_route=\/wp\/v2\/pages"}],"about":[{"href":"https:\/\/www.vocar.ba\/index.php?rest_route=\/wp\/v2\/types\/page"}],"author":[{"embeddable":true,"href":"https:\/\/www.vocar.ba\/index.php?rest_route=\/wp\/v2\/users\/1"}],"replies":[{"embeddable":true,"href":"https:\/\/www.vocar.ba\/index.php?rest_route=%2Fwp%2Fv2%2Fcomments&post=1625"}],"version-history":[{"count":10,"href":"https:\/\/www.vocar.ba\/index.php?rest_route=\/wp\/v2\/pages\/1625\/revisions"}],"predecessor-version":[{"id":33004,"href":"https:\/\/www.vocar.ba\/index.php?rest_route=\/wp\/v2\/pages\/1625\/revisions\/33004"}],"wp:attachment":[{"href":"https:\/\/www.vocar.ba\/index.php?rest_route=%2Fwp%2Fv2%2Fmedia&parent=1625"}],"curies":[{"name":"wp","href":"https:\/\/api.w.org\/{rel}","templated":true}]}}